{"id":2,"date":"2012-09-28T11:02:25","date_gmt":"2012-09-28T11:02:25","guid":{"rendered":"http:\/\/mgroup.pl\/seo\/?page_id=2"},"modified":"2012-09-28T13:24:00","modified_gmt":"2012-09-28T11:24:00","slug":"przykladowa-strona","status":"publish","type":"page","link":"https:\/\/www.mgroup.pl\/seo\/?page_id=2","title":{"rendered":"Linki"},"content":{"rendered":"<p><strong>Optymalizacja dla wyszukiwarek internetowych<\/strong> (<a title=\"J\u0119zyk angielski\" href=\"http:\/\/pl.wikipedia.org\/wiki\/J%C4%99zyk_angielski\">ang.<\/a> <em>Search engine optimization ? SEO<\/em>; zwana tak\u017ce <strong>pozycjonowaniem<\/strong>) ? dzia\u0142ania zmierzaj\u0105ce do osi\u0105gni\u0119cia przez dany serwis internetowy jak najwy\u017cszej pozycji w wynikach organicznych <a title=\"Wyszukiwarka internetowa\" href=\"http:\/\/pl.wikipedia.org\/wiki\/Wyszukiwarka_internetowa\">wyszukiwarek internetowych<\/a> dla wybranych s\u0142\u00f3w i wyra\u017ce\u0144 kluczowych. Pozycjonowanie jest elementem szeroko poj\u0119tego <a title=\"Marketing internetowy\" href=\"http:\/\/pl.wikipedia.org\/wiki\/Marketing_internetowy\">marketingu internetowego<\/a>. Pozycjonowanie bazuje na znanych elementach dzia\u0142ania algorytmu wyszukiwarek, ci\u0105g\u0142ym poznawaniu nowych, kt\u00f3re algorytmy bior\u0105 pod uwag\u0119 przy rangowaniu strony oraz na weryfikowaniu ju\u017c istniej\u0105cych.<\/p>\n<p>W polskiej nomenklaturze bran\u017cowej dominuje rozr\u00f3\u017cnienie mi\u0119dzy pozycjonowaniem a optymalizacj\u0105 stron, cho\u0107 cz\u0119sto wyra\u017cenia te mog\u0105 by\u0107 u\u017cywane zamiennie. Pierwszy z termin\u00f3w odnosi si\u0119 do dzia\u0142a\u0144 prowadzonych poza docelow\u0105 witryn\u0105 (np. <a title=\"Link building (strona nie istnieje)\" href=\"http:\/\/pl.wikipedia.org\/w\/index.php?title=Link_building&amp;action=edit&amp;redlink=1\">Link building<\/a>), za\u015b optymalizacja w takim kontek\u015bcie oznacza dzia\u0142ania prowadzone bezpo\u015brednio na stronie internetowej (wp\u0142ywaj\u0105ce na jej budow\u0119, tre\u015b\u0107 i struktur\u0119).<\/p>\n<ul>\n<li><a title=\"mnet\" href=\"http:\/\/mnet.blog.pl\/\">MNET.blog.pl<\/a><\/li>\n<li><a title=\"MNET2\" href=\"http:\/\/mnet2.blog.pl\/\">MNET2.blog.pl<\/a><\/li>\n<li><a title=\"mnet\" href=\"http:\/\/mnet3.blog.pl\/\">MNET3.blog.pl<\/a><\/li>\n<li><a title=\"mnet2\" href=\"http:\/\/mnet2.bloog.pl\/\">mnet2.bloog.pl<\/a><\/li>\n<li><a href=\"http:\/\/miedzikm.blog.interia.pl\/\">miedzikm.blog.interia.pl<\/a><\/li>\n<\/ul>\n","protected":false},"excerpt":{"rendered":"<p>Optymalizacja dla wyszukiwarek internetowych (ang. Search engine optimization ? SEO; zwana tak\u017ce pozycjonowaniem) ? dzia\u0142ania zmierzaj\u0105ce do osi\u0105gni\u0119cia przez dany serwis internetowy jak najwy\u017cszej pozycji w wynikach organicznych wyszukiwarek internetowych dla wybranych s\u0142\u00f3w i wyra\u017ce\u0144 kluczowych. Pozycjonowanie jest elementem szeroko poj\u0119tego marketingu internetowego. Pozycjonowanie bazuje na znanych elementach dzia\u0142ania algorytmu&#8230; <a class=\"continue-reading-link\" href=\"https:\/\/www.mgroup.pl\/seo\/?page_id=2\"> Continue reading <span class=\"meta-nav\">&rarr; <\/span><\/a><\/p>\n","protected":false},"author":1,"featured_media":0,"parent":0,"menu_order":0,"comment_status":"open","ping_status":"open","template":"","meta":[],"yoast_head":"<!-- This site is optimized with the Yoast SEO plugin v18.2 - https:\/\/yoast.com\/wordpress\/plugins\/seo\/ -->\n<title>Linki - mgroup.seo<\/title>\n<meta name=\"robots\" content=\"index, follow, max-snippet:-1, max-image-preview:large, max-video-preview:-1\" \/>\n<link rel=\"canonical\" href=\"https:\/\/www.mgroup.pl\/seo\/?page_id=2\" \/>\n<meta property=\"og:locale\" content=\"pl_PL\" \/>\n<meta property=\"og:type\" content=\"article\" \/>\n<meta property=\"og:title\" content=\"Linki - mgroup.seo\" \/>\n<meta property=\"og:description\" content=\"Optymalizacja dla wyszukiwarek internetowych (ang. Search engine optimization ? SEO; zwana tak\u017ce pozycjonowaniem) ? dzia\u0142ania zmierzaj\u0105ce do osi\u0105gni\u0119cia przez dany serwis internetowy jak najwy\u017cszej pozycji w wynikach organicznych wyszukiwarek internetowych dla wybranych s\u0142\u00f3w i wyra\u017ce\u0144 kluczowych. Pozycjonowanie jest elementem szeroko poj\u0119tego marketingu internetowego. Pozycjonowanie bazuje na znanych elementach dzia\u0142ania algorytmu... Continue reading &rarr;\" \/>\n<meta property=\"og:url\" content=\"https:\/\/www.mgroup.pl\/seo\/?page_id=2\" \/>\n<meta property=\"og:site_name\" content=\"mgroup.seo\" \/>\n<meta property=\"article:modified_time\" content=\"2012-09-28T11:24:00+00:00\" \/>\n<meta name=\"twitter:card\" content=\"summary_large_image\" \/>\n<meta name=\"twitter:label1\" content=\"Szacowany czas czytania\" \/>\n\t<meta name=\"twitter:data1\" content=\"1 minuta\" \/>\n<script type=\"application\/ld+json\" class=\"yoast-schema-graph\">{\"@context\":\"https:\/\/schema.org\",\"@graph\":[{\"@type\":\"WebSite\",\"@id\":\"https:\/\/www.mgroup.pl\/seo\/#website\",\"url\":\"https:\/\/www.mgroup.pl\/seo\/\",\"name\":\"mgroup.seo\",\"description\":\"Kolejna witryna oparta na WordPressie\",\"potentialAction\":[{\"@type\":\"SearchAction\",\"target\":{\"@type\":\"EntryPoint\",\"urlTemplate\":\"https:\/\/www.mgroup.pl\/seo\/?s={search_term_string}\"},\"query-input\":\"required name=search_term_string\"}],\"inLanguage\":\"pl-PL\"},{\"@type\":\"WebPage\",\"@id\":\"https:\/\/www.mgroup.pl\/seo\/?page_id=2#webpage\",\"url\":\"https:\/\/www.mgroup.pl\/seo\/?page_id=2\",\"name\":\"Linki - mgroup.seo\",\"isPartOf\":{\"@id\":\"https:\/\/www.mgroup.pl\/seo\/#website\"},\"datePublished\":\"2012-09-28T11:02:25+00:00\",\"dateModified\":\"2012-09-28T11:24:00+00:00\",\"breadcrumb\":{\"@id\":\"https:\/\/www.mgroup.pl\/seo\/?page_id=2#breadcrumb\"},\"inLanguage\":\"pl-PL\",\"potentialAction\":[{\"@type\":\"ReadAction\",\"target\":[\"https:\/\/www.mgroup.pl\/seo\/?page_id=2\"]}]},{\"@type\":\"BreadcrumbList\",\"@id\":\"https:\/\/www.mgroup.pl\/seo\/?page_id=2#breadcrumb\",\"itemListElement\":[{\"@type\":\"ListItem\",\"position\":1,\"name\":\"Strona g\u0142\u00f3wna\",\"item\":\"https:\/\/www.mgroup.pl\/seo\"},{\"@type\":\"ListItem\",\"position\":2,\"name\":\"Linki\"}]}]}<\/script>\n<!-- \/ Yoast SEO plugin. -->","yoast_head_json":{"title":"Linki - mgroup.seo","robots":{"index":"index","follow":"follow","max-snippet":"max-snippet:-1","max-image-preview":"max-image-preview:large","max-video-preview":"max-video-preview:-1"},"canonical":"https:\/\/www.mgroup.pl\/seo\/?page_id=2","og_locale":"pl_PL","og_type":"article","og_title":"Linki - mgroup.seo","og_description":"Optymalizacja dla wyszukiwarek internetowych (ang. Search engine optimization ? SEO; zwana tak\u017ce pozycjonowaniem) ? dzia\u0142ania zmierzaj\u0105ce do osi\u0105gni\u0119cia przez dany serwis internetowy jak najwy\u017cszej pozycji w wynikach organicznych wyszukiwarek internetowych dla wybranych s\u0142\u00f3w i wyra\u017ce\u0144 kluczowych. Pozycjonowanie jest elementem szeroko poj\u0119tego marketingu internetowego. Pozycjonowanie bazuje na znanych elementach dzia\u0142ania algorytmu... Continue reading &rarr;","og_url":"https:\/\/www.mgroup.pl\/seo\/?page_id=2","og_site_name":"mgroup.seo","article_modified_time":"2012-09-28T11:24:00+00:00","twitter_card":"summary_large_image","twitter_misc":{"Szacowany czas czytania":"1 minuta"},"schema":{"@context":"https:\/\/schema.org","@graph":[{"@type":"WebSite","@id":"https:\/\/www.mgroup.pl\/seo\/#website","url":"https:\/\/www.mgroup.pl\/seo\/","name":"mgroup.seo","description":"Kolejna witryna oparta na WordPressie","potentialAction":[{"@type":"SearchAction","target":{"@type":"EntryPoint","urlTemplate":"https:\/\/www.mgroup.pl\/seo\/?s={search_term_string}"},"query-input":"required name=search_term_string"}],"inLanguage":"pl-PL"},{"@type":"WebPage","@id":"https:\/\/www.mgroup.pl\/seo\/?page_id=2#webpage","url":"https:\/\/www.mgroup.pl\/seo\/?page_id=2","name":"Linki - mgroup.seo","isPartOf":{"@id":"https:\/\/www.mgroup.pl\/seo\/#website"},"datePublished":"2012-09-28T11:02:25+00:00","dateModified":"2012-09-28T11:24:00+00:00","breadcrumb":{"@id":"https:\/\/www.mgroup.pl\/seo\/?page_id=2#breadcrumb"},"inLanguage":"pl-PL","potentialAction":[{"@type":"ReadAction","target":["https:\/\/www.mgroup.pl\/seo\/?page_id=2"]}]},{"@type":"BreadcrumbList","@id":"https:\/\/www.mgroup.pl\/seo\/?page_id=2#breadcrumb","itemListElement":[{"@type":"ListItem","position":1,"name":"Strona g\u0142\u00f3wna","item":"https:\/\/www.mgroup.pl\/seo"},{"@type":"ListItem","position":2,"name":"Linki"}]}]}},"_links":{"self":[{"href":"https:\/\/www.mgroup.pl\/seo\/index.php?rest_route=\/wp\/v2\/pages\/2"}],"collection":[{"href":"https:\/\/www.mgroup.pl\/seo\/index.php?rest_route=\/wp\/v2\/pages"}],"about":[{"href":"https:\/\/www.mgroup.pl\/seo\/index.php?rest_route=\/wp\/v2\/types\/page"}],"author":[{"embeddable":true,"href":"https:\/\/www.mgroup.pl\/seo\/index.php?rest_route=\/wp\/v2\/users\/1"}],"replies":[{"embeddable":true,"href":"https:\/\/www.mgroup.pl\/seo\/index.php?rest_route=%2Fwp%2Fv2%2Fcomments&post=2"}],"version-history":[{"count":2,"href":"https:\/\/www.mgroup.pl\/seo\/index.php?rest_route=\/wp\/v2\/pages\/2\/revisions"}],"predecessor-version":[{"id":5,"href":"https:\/\/www.mgroup.pl\/seo\/index.php?rest_route=\/wp\/v2\/pages\/2\/revisions\/5"}],"wp:attachment":[{"href":"https:\/\/www.mgroup.pl\/seo\/index.php?rest_route=%2Fwp%2Fv2%2Fmedia&parent=2"}],"curies":[{"name":"wp","href":"https:\/\/api.w.org\/{rel}","templated":true}]}}